{"id":61,"date":"2023-02-17T19:05:31","date_gmt":"2023-02-17T22:05:31","guid":{"rendered":"https:\/\/segnet.bcmkt.online\/?page_id=61"},"modified":"2023-02-18T09:06:47","modified_gmt":"2023-02-18T12:06:47","slug":"instalacao","status":"publish","type":"page","link":"https:\/\/prismaservicos.net\/index.php\/instalacao\/","title":{"rendered":"Instala\u00e7\u00e3o"},"content":{"rendered":"\t\t<div data-elementor-type=\"wp-page\" data-elementor-id=\"61\" class=\"elementor elementor-61\" data-elementor-post-type=\"page\">\n\t\t\t\t\t\t<section class=\"elementor-section elementor-top-section elementor-element elementor-element-68e0227 elementor-section-boxed elementor-section-height-default elementor-section-height-default\" data-id=\"68e0227\" data-element_type=\"section\" data-settings=\"{&quot;background_background&quot;:&quot;classic&quot;}\">\n\t\t\t\t\t\t<div class=\"elementor-container elementor-column-gap-default\">\n\t\t\t\t\t<div class=\"elementor-column elementor-col-50 elementor-top-column elementor-element elementor-element-70e9bcf\" data-id=\"70e9bcf\" data-element_type=\"column\">\n\t\t\t<div class=\"elementor-widget-wrap elementor-element-populated\">\n\t\t\t\t\t\t<div class=\"elementor-element elementor-element-bf6e254 elementor-widget elementor-widget-spacer\" data-id=\"bf6e254\" data-element_type=\"widget\" data-widget_type=\"spacer.default\">\n\t\t\t\t<div class=\"elementor-widget-container\">\n\t\t\t\t\t<div class=\"elementor-spacer\">\n\t\t\t<div class=\"elementor-spacer-inner\"><\/div>\n\t\t<\/div>\n\t\t\t\t<\/div>\n\t\t\t\t<\/div>\n\t\t\t\t<div class=\"elementor-element elementor-element-a6b8700 elementor-widget elementor-widget-heading\" data-id=\"a6b8700\" data-element_type=\"widget\" data-widget_type=\"heading.default\">\n\t\t\t\t<div class=\"elementor-widget-container\">\n\t\t\t<h2 class=\"elementor-heading-title elementor-size-default\">Instala\u00e7\u00e3o<\/h2>\t\t<\/div>\n\t\t\t\t<\/div>\n\t\t\t\t<div class=\"elementor-element elementor-element-a973a4c elementor-widget elementor-widget-heading\" data-id=\"a973a4c\" data-element_type=\"widget\" data-widget_type=\"heading.default\">\n\t\t\t\t<div class=\"elementor-widget-container\">\n\t\t\t<h2 class=\"elementor-heading-title elementor-size-default\">sua seguran\u00e7a \u00e9 <br><span style=\"background-color:#dd1d25\">a nossa prioridade <\/span><\/h2>\t\t<\/div>\n\t\t\t\t<\/div>\n\t\t\t\t<div class=\"elementor-element elementor-element-3a190bc elementor-widget elementor-widget-heading\" data-id=\"3a190bc\" data-element_type=\"widget\" data-widget_type=\"heading.default\">\n\t\t\t\t<div class=\"elementor-widget-container\">\n\t\t\t<h2 class=\"elementor-heading-title elementor-size-default\">Nossa equipe de consultores vai at\u00e9 voc\u00ea quando quiser para auxiliar em seu projeto de seguran\u00e7a gratuitamente.\nTenha certeza de que seu patrim\u00f4nio est\u00e1 realmente <strong>seguro.<\/strong><\/h2>\t\t<\/div>\n\t\t\t\t<\/div>\n\t\t\t\t<div class=\"elementor-element elementor-element-bba78a9 elementor-align-left elementor-widget elementor-widget-button\" data-id=\"bba78a9\" data-element_type=\"widget\" data-widget_type=\"button.default\">\n\t\t\t\t<div class=\"elementor-widget-container\">\n\t\t\t\t\t\t\t<div class=\"elementor-button-wrapper\">\n\t\t\t\t\t<a class=\"elementor-button elementor-button-link elementor-size-sm\" href=\"#\">\n\t\t\t\t\t\t<span class=\"elementor-button-content-wrapper\">\n\t\t\t\t\t\t\t\t\t<span class=\"elementor-button-text\">Solicite seu or\u00e7amento<\/span>\n\t\t\t\t\t<\/span>\n\t\t\t\t\t<\/a>\n\t\t\t\t<\/div>\n\t\t\t\t\t\t<\/div>\n\t\t\t\t<\/div>\n\t\t\t\t<div class=\"elementor-element elementor-element-29ad902 elementor-widget elementor-widget-heading\" data-id=\"29ad902\" data-element_type=\"widget\" data-widget_type=\"heading.default\">\n\t\t\t\t<div class=\"elementor-widget-container\">\n\t\t\t<h2 class=\"elementor-heading-title elementor-size-default\">NOSSOS DIFERENCIAIS<\/h2>\t\t<\/div>\n\t\t\t\t<\/div>\n\t\t\t\t<section class=\"elementor-section elementor-inner-section elementor-element elementor-element-7e33ba2 elementor-section-boxed elementor-section-height-default elementor-section-height-default\" data-id=\"7e33ba2\" data-element_type=\"section\">\n\t\t\t\t\t\t<div class=\"elementor-container elementor-column-gap-default\">\n\t\t\t\t\t<div class=\"elementor-column elementor-col-20 elementor-inner-column elementor-element elementor-element-9ad2a08\" data-id=\"9ad2a08\" data-element_type=\"column\">\n\t\t\t<div class=\"elementor-widget-wrap elementor-element-populated\">\n\t\t\t\t\t\t<div class=\"elementor-element elementor-element-9b560bd elementor-position-top elementor-widget elementor-widget-image-box\" data-id=\"9b560bd\" data-element_type=\"widget\" data-widget_type=\"image-box.default\">\n\t\t\t\t<div class=\"elementor-widget-container\">\n\t\t\t<div class=\"elementor-image-box-wrapper\"><figure class=\"elementor-image-box-img\"><img decoding=\"async\" width=\"65\" height=\"65\" src=\"https:\/\/prismaservicos.net\/wp-content\/uploads\/2023\/02\/Group-62.png\" class=\"attachment-full size-full wp-image-64\" alt=\"\" \/><\/figure><div class=\"elementor-image-box-content\"><h3 class=\"elementor-image-box-title\">Instala\u00e7\u00e3o R\u00e1pida<\/h3><\/div><\/div>\t\t<\/div>\n\t\t\t\t<\/div>\n\t\t\t\t\t<\/div>\n\t\t<\/div>\n\t\t\t\t<div class=\"elementor-column elementor-col-20 elementor-inner-column elementor-element elementor-element-3287858\" data-id=\"3287858\" data-element_type=\"column\">\n\t\t\t<div class=\"elementor-widget-wrap elementor-element-populated\">\n\t\t\t\t\t\t<div class=\"elementor-element elementor-element-5cb36a9 elementor-position-top elementor-widget elementor-widget-image-box\" data-id=\"5cb36a9\" data-element_type=\"widget\" data-widget_type=\"image-box.default\">\n\t\t\t\t<div class=\"elementor-widget-container\">\n\t\t\t<div class=\"elementor-image-box-wrapper\"><figure class=\"elementor-image-box-img\"><img decoding=\"async\" width=\"65\" height=\"65\" src=\"https:\/\/prismaservicos.net\/wp-content\/uploads\/2023\/02\/Group-84.png\" class=\"attachment-full size-full wp-image-66\" alt=\"\" \/><\/figure><div class=\"elementor-image-box-content\"><h3 class=\"elementor-image-box-title\">Profissionais experientes<\/h3><\/div><\/div>\t\t<\/div>\n\t\t\t\t<\/div>\n\t\t\t\t\t<\/div>\n\t\t<\/div>\n\t\t\t\t<div class=\"elementor-column elementor-col-20 elementor-inner-column elementor-element elementor-element-9c16633\" data-id=\"9c16633\" data-element_type=\"column\">\n\t\t\t<div class=\"elementor-widget-wrap elementor-element-populated\">\n\t\t\t\t\t\t<div class=\"elementor-element elementor-element-6c4a455 elementor-position-top elementor-widget elementor-widget-image-box\" data-id=\"6c4a455\" data-element_type=\"widget\" data-widget_type=\"image-box.default\">\n\t\t\t\t<div class=\"elementor-widget-container\">\n\t\t\t<div class=\"elementor-image-box-wrapper\"><figure class=\"elementor-image-box-img\"><img decoding=\"async\" width=\"65\" height=\"65\" src=\"https:\/\/prismaservicos.net\/wp-content\/uploads\/2023\/02\/Group-63.png\" class=\"attachment-full size-full wp-image-68\" alt=\"\" \/><\/figure><div class=\"elementor-image-box-content\"><h3 class=\"elementor-image-box-title\">Equipamentos de qualidade<\/h3><\/div><\/div>\t\t<\/div>\n\t\t\t\t<\/div>\n\t\t\t\t\t<\/div>\n\t\t<\/div>\n\t\t\t\t<div class=\"elementor-column elementor-col-20 elementor-inner-column elementor-element elementor-element-a404601\" data-id=\"a404601\" data-element_type=\"column\">\n\t\t\t<div class=\"elementor-widget-wrap elementor-element-populated\">\n\t\t\t\t\t\t<div class=\"elementor-element elementor-element-c172ff4 elementor-position-top elementor-widget elementor-widget-image-box\" data-id=\"c172ff4\" data-element_type=\"widget\" data-widget_type=\"image-box.default\">\n\t\t\t\t<div class=\"elementor-widget-container\">\n\t\t\t<div class=\"elementor-image-box-wrapper\"><figure class=\"elementor-image-box-img\"><img loading=\"lazy\" decoding=\"async\" width=\"65\" height=\"65\" src=\"https:\/\/prismaservicos.net\/wp-content\/uploads\/2023\/02\/Group-64.png\" class=\"attachment-full size-full wp-image-69\" alt=\"\" \/><\/figure><div class=\"elementor-image-box-content\"><h3 class=\"elementor-image-box-title\">Sistemas Completos e Integrados<\/h3><\/div><\/div>\t\t<\/div>\n\t\t\t\t<\/div>\n\t\t\t\t\t<\/div>\n\t\t<\/div>\n\t\t\t\t<div class=\"elementor-column elementor-col-20 elementor-inner-column elementor-element elementor-element-19b23c4\" data-id=\"19b23c4\" data-element_type=\"column\">\n\t\t\t<div class=\"elementor-widget-wrap\">\n\t\t\t\t\t\t\t<\/div>\n\t\t<\/div>\n\t\t\t\t\t<\/div>\n\t\t<\/section>\n\t\t\t\t<section class=\"elementor-section elementor-inner-section elementor-element elementor-element-bb03461 elementor-section-boxed elementor-section-height-default elementor-section-height-default\" data-id=\"bb03461\" data-element_type=\"section\">\n\t\t\t\t\t\t<div class=\"elementor-container elementor-column-gap-default\">\n\t\t\t\t\t<div class=\"elementor-column elementor-col-33 elementor-inner-column elementor-element elementor-element-c6e9cf6\" data-id=\"c6e9cf6\" data-element_type=\"column\">\n\t\t\t<div class=\"elementor-widget-wrap elementor-element-populated\">\n\t\t\t\t\t\t<div class=\"elementor-element elementor-element-b8f4bd8 elementor-widget elementor-widget-heading\" data-id=\"b8f4bd8\" data-element_type=\"widget\" data-widget_type=\"heading.default\">\n\t\t\t\t<div class=\"elementor-widget-container\">\n\t\t\t<h2 class=\"elementor-heading-title elementor-size-default\">OUTROS SERVI\u00c7OS<\/h2>\t\t<\/div>\n\t\t\t\t<\/div>\n\t\t\t\t<div class=\"elementor-element elementor-element-f9dc745 elementor-widget elementor-widget-image\" data-id=\"f9dc745\" data-element_type=\"widget\" data-widget_type=\"image.default\">\n\t\t\t\t<div class=\"elementor-widget-container\">\n\t\t\t\t\t\t\t\t\t\t\t\t\t<img loading=\"lazy\" decoding=\"async\" width=\"224\" height=\"137\" src=\"https:\/\/prismaservicos.net\/wp-content\/uploads\/2023\/02\/young-repairman-helmet-gloves-special-uniform-repairing-house-details-wall-1-2-1.png\" class=\"attachment-large size-large wp-image-83\" alt=\"\" \/>\t\t\t\t\t\t\t\t\t\t\t\t\t<\/div>\n\t\t\t\t<\/div>\n\t\t\t\t<div class=\"elementor-element elementor-element-067659d elementor-widget elementor-widget-heading\" data-id=\"067659d\" data-element_type=\"widget\" data-widget_type=\"heading.default\">\n\t\t\t\t<div class=\"elementor-widget-container\">\n\t\t\t<h2 class=\"elementor-heading-title elementor-size-default\">Manuten\u00e7\u00e3o<\/h2>\t\t<\/div>\n\t\t\t\t<\/div>\n\t\t\t\t\t<\/div>\n\t\t<\/div>\n\t\t\t\t<div class=\"elementor-column elementor-col-33 elementor-inner-column elementor-element elementor-element-7117146\" data-id=\"7117146\" data-element_type=\"column\">\n\t\t\t<div class=\"elementor-widget-wrap\">\n\t\t\t\t\t\t\t<\/div>\n\t\t<\/div>\n\t\t\t\t<div class=\"elementor-column elementor-col-33 elementor-inner-column elementor-element elementor-element-c7e1899\" data-id=\"c7e1899\" data-element_type=\"column\">\n\t\t\t<div class=\"elementor-widget-wrap\">\n\t\t\t\t\t\t\t<\/div>\n\t\t<\/div>\n\t\t\t\t\t<\/div>\n\t\t<\/section>\n\t\t\t\t<div class=\"elementor-element elementor-element-17f357e elementor-widget elementor-widget-spacer\" data-id=\"17f357e\" data-element_type=\"widget\" data-widget_type=\"spacer.default\">\n\t\t\t\t<div class=\"elementor-widget-container\">\n\t\t\t\t\t<div class=\"elementor-spacer\">\n\t\t\t<div class=\"elementor-spacer-inner\"><\/div>\n\t\t<\/div>\n\t\t\t\t<\/div>\n\t\t\t\t<\/div>\n\t\t\t\t\t<\/div>\n\t\t<\/div>\n\t\t\t\t<div class=\"elementor-column elementor-col-50 elementor-top-column elementor-element elementor-element-157f4f7\" data-id=\"157f4f7\" data-element_type=\"column\">\n\t\t\t<div class=\"elementor-widget-wrap\">\n\t\t\t\t\t\t\t<\/div>\n\t\t<\/div>\n\t\t\t\t\t<\/div>\n\t\t<\/section>\n\t\t\t\t<\/div>\n\t\t","protected":false},"excerpt":{"rendered":"<p>Instala\u00e7\u00e3o sua seguran\u00e7a \u00e9 a nossa prioridade Nossa equipe de consultores vai at\u00e9 voc\u00ea quando quiser para auxiliar em seu projeto de seguran\u00e7a gratuitamente. Tenha certeza de que seu patrim\u00f4nio est\u00e1 realmente seguro. Solicite seu or\u00e7amento NOSSOS DIFERENCIAIS Instala\u00e7\u00e3o R\u00e1pida Profissionais experientes Equipamentos de qualidade Sistemas Completos e Integrados OUTROS SERVI\u00c7OS Manuten\u00e7\u00e3o<\/p>\n","protected":false},"author":1,"featured_media":0,"parent":0,"menu_order":0,"comment_status":"closed","ping_status":"closed","template":"","meta":{"_joinchat":[],"footnotes":""},"class_list":["post-61","page","type-page","status-publish","hentry"],"yoast_head":"<!-- This site is optimized with the Yoast SEO plugin v23.8 - https:\/\/yoast.com\/wordpress\/plugins\/seo\/ -->\n<title>Instala\u00e7\u00e3o - Prisma<\/title>\n<meta name=\"robots\" content=\"index, follow, max-snippet:-1, max-image-preview:large, max-video-preview:-1\" \/>\n<link rel=\"canonical\" href=\"https:\/\/prismaservicos.net\/index.php\/instalacao\/\" \/>\n<meta property=\"og:locale\" content=\"en_US\" \/>\n<meta property=\"og:type\" content=\"article\" \/>\n<meta property=\"og:title\" content=\"Instala\u00e7\u00e3o - Prisma\" \/>\n<meta property=\"og:description\" content=\"Instala\u00e7\u00e3o sua seguran\u00e7a \u00e9 a nossa prioridade Nossa equipe de consultores vai at\u00e9 voc\u00ea quando quiser para auxiliar em seu projeto de seguran\u00e7a gratuitamente. Tenha certeza de que seu patrim\u00f4nio est\u00e1 realmente seguro. Solicite seu or\u00e7amento NOSSOS DIFERENCIAIS Instala\u00e7\u00e3o R\u00e1pida Profissionais experientes Equipamentos de qualidade Sistemas Completos e Integrados OUTROS SERVI\u00c7OS Manuten\u00e7\u00e3o\" \/>\n<meta property=\"og:url\" content=\"https:\/\/prismaservicos.net\/index.php\/instalacao\/\" \/>\n<meta property=\"og:site_name\" content=\"Prisma\" \/>\n<meta property=\"article:modified_time\" content=\"2023-02-18T12:06:47+00:00\" \/>\n<meta property=\"og:image\" content=\"http:\/\/segnet.bcmkt.online\/wp-content\/uploads\/2023\/02\/Group-62.png\" \/>\n<meta name=\"twitter:card\" content=\"summary_large_image\" \/>\n<script type=\"application\/ld+json\" class=\"yoast-schema-graph\">{\"@context\":\"https:\/\/schema.org\",\"@graph\":[{\"@type\":\"WebPage\",\"@id\":\"https:\/\/prismaservicos.net\/index.php\/instalacao\/\",\"url\":\"https:\/\/prismaservicos.net\/index.php\/instalacao\/\",\"name\":\"Instala\u00e7\u00e3o - Prisma\",\"isPartOf\":{\"@id\":\"https:\/\/prismaservicos.net\/#website\"},\"primaryImageOfPage\":{\"@id\":\"https:\/\/prismaservicos.net\/index.php\/instalacao\/#primaryimage\"},\"image\":{\"@id\":\"https:\/\/prismaservicos.net\/index.php\/instalacao\/#primaryimage\"},\"thumbnailUrl\":\"http:\/\/segnet.bcmkt.online\/wp-content\/uploads\/2023\/02\/Group-62.png\",\"datePublished\":\"2023-02-17T22:05:31+00:00\",\"dateModified\":\"2023-02-18T12:06:47+00:00\",\"breadcrumb\":{\"@id\":\"https:\/\/prismaservicos.net\/index.php\/instalacao\/#breadcrumb\"},\"inLanguage\":\"en-US\",\"potentialAction\":[{\"@type\":\"ReadAction\",\"target\":[\"https:\/\/prismaservicos.net\/index.php\/instalacao\/\"]}]},{\"@type\":\"ImageObject\",\"inLanguage\":\"en-US\",\"@id\":\"https:\/\/prismaservicos.net\/index.php\/instalacao\/#primaryimage\",\"url\":\"http:\/\/segnet.bcmkt.online\/wp-content\/uploads\/2023\/02\/Group-62.png\",\"contentUrl\":\"http:\/\/segnet.bcmkt.online\/wp-content\/uploads\/2023\/02\/Group-62.png\"},{\"@type\":\"BreadcrumbList\",\"@id\":\"https:\/\/prismaservicos.net\/index.php\/instalacao\/#breadcrumb\",\"itemListElement\":[{\"@type\":\"ListItem\",\"position\":1,\"name\":\"In\u00edcio\",\"item\":\"https:\/\/prismaservicos.net\/\"},{\"@type\":\"ListItem\",\"position\":2,\"name\":\"Instala\u00e7\u00e3o\"}]},{\"@type\":\"WebSite\",\"@id\":\"https:\/\/prismaservicos.net\/#website\",\"url\":\"https:\/\/prismaservicos.net\/\",\"name\":\"Prisma\",\"description\":\"\",\"potentialAction\":[{\"@type\":\"SearchAction\",\"target\":{\"@type\":\"EntryPoint\",\"urlTemplate\":\"https:\/\/prismaservicos.net\/?s={search_term_string}\"},\"query-input\":{\"@type\":\"PropertyValueSpecification\",\"valueRequired\":true,\"valueName\":\"search_term_string\"}}],\"inLanguage\":\"en-US\"}]}<\/script>\n<!-- \/ Yoast SEO plugin. -->","yoast_head_json":{"title":"Instala\u00e7\u00e3o - Prisma","robots":{"index":"index","follow":"follow","max-snippet":"max-snippet:-1","max-image-preview":"max-image-preview:large","max-video-preview":"max-video-preview:-1"},"canonical":"https:\/\/prismaservicos.net\/index.php\/instalacao\/","og_locale":"en_US","og_type":"article","og_title":"Instala\u00e7\u00e3o - Prisma","og_description":"Instala\u00e7\u00e3o sua seguran\u00e7a \u00e9 a nossa prioridade Nossa equipe de consultores vai at\u00e9 voc\u00ea quando quiser para auxiliar em seu projeto de seguran\u00e7a gratuitamente. Tenha certeza de que seu patrim\u00f4nio est\u00e1 realmente seguro. Solicite seu or\u00e7amento NOSSOS DIFERENCIAIS Instala\u00e7\u00e3o R\u00e1pida Profissionais experientes Equipamentos de qualidade Sistemas Completos e Integrados OUTROS SERVI\u00c7OS Manuten\u00e7\u00e3o","og_url":"https:\/\/prismaservicos.net\/index.php\/instalacao\/","og_site_name":"Prisma","article_modified_time":"2023-02-18T12:06:47+00:00","og_image":[{"url":"http:\/\/segnet.bcmkt.online\/wp-content\/uploads\/2023\/02\/Group-62.png"}],"twitter_card":"summary_large_image","schema":{"@context":"https:\/\/schema.org","@graph":[{"@type":"WebPage","@id":"https:\/\/prismaservicos.net\/index.php\/instalacao\/","url":"https:\/\/prismaservicos.net\/index.php\/instalacao\/","name":"Instala\u00e7\u00e3o - Prisma","isPartOf":{"@id":"https:\/\/prismaservicos.net\/#website"},"primaryImageOfPage":{"@id":"https:\/\/prismaservicos.net\/index.php\/instalacao\/#primaryimage"},"image":{"@id":"https:\/\/prismaservicos.net\/index.php\/instalacao\/#primaryimage"},"thumbnailUrl":"http:\/\/segnet.bcmkt.online\/wp-content\/uploads\/2023\/02\/Group-62.png","datePublished":"2023-02-17T22:05:31+00:00","dateModified":"2023-02-18T12:06:47+00:00","breadcrumb":{"@id":"https:\/\/prismaservicos.net\/index.php\/instalacao\/#breadcrumb"},"inLanguage":"en-US","potentialAction":[{"@type":"ReadAction","target":["https:\/\/prismaservicos.net\/index.php\/instalacao\/"]}]},{"@type":"ImageObject","inLanguage":"en-US","@id":"https:\/\/prismaservicos.net\/index.php\/instalacao\/#primaryimage","url":"http:\/\/segnet.bcmkt.online\/wp-content\/uploads\/2023\/02\/Group-62.png","contentUrl":"http:\/\/segnet.bcmkt.online\/wp-content\/uploads\/2023\/02\/Group-62.png"},{"@type":"BreadcrumbList","@id":"https:\/\/prismaservicos.net\/index.php\/instalacao\/#breadcrumb","itemListElement":[{"@type":"ListItem","position":1,"name":"In\u00edcio","item":"https:\/\/prismaservicos.net\/"},{"@type":"ListItem","position":2,"name":"Instala\u00e7\u00e3o"}]},{"@type":"WebSite","@id":"https:\/\/prismaservicos.net\/#website","url":"https:\/\/prismaservicos.net\/","name":"Prisma","description":"","potentialAction":[{"@type":"SearchAction","target":{"@type":"EntryPoint","urlTemplate":"https:\/\/prismaservicos.net\/?s={search_term_string}"},"query-input":{"@type":"PropertyValueSpecification","valueRequired":true,"valueName":"search_term_string"}}],"inLanguage":"en-US"}]}},"_links":{"self":[{"href":"https:\/\/prismaservicos.net\/index.php\/wp-json\/wp\/v2\/pages\/61","targetHints":{"allow":["GET"]}}],"collection":[{"href":"https:\/\/prismaservicos.net\/index.php\/wp-json\/wp\/v2\/pages"}],"about":[{"href":"https:\/\/prismaservicos.net\/index.php\/wp-json\/wp\/v2\/types\/page"}],"author":[{"embeddable":true,"href":"https:\/\/prismaservicos.net\/index.php\/wp-json\/wp\/v2\/users\/1"}],"replies":[{"embeddable":true,"href":"https:\/\/prismaservicos.net\/index.php\/wp-json\/wp\/v2\/comments?post=61"}],"version-history":[{"count":7,"href":"https:\/\/prismaservicos.net\/index.php\/wp-json\/wp\/v2\/pages\/61\/revisions"}],"predecessor-version":[{"id":92,"href":"https:\/\/prismaservicos.net\/index.php\/wp-json\/wp\/v2\/pages\/61\/revisions\/92"}],"wp:attachment":[{"href":"https:\/\/prismaservicos.net\/index.php\/wp-json\/wp\/v2\/media?parent=61"}],"curies":[{"name":"wp","href":"https:\/\/api.w.org\/{rel}","templated":true}]}}